{"id":6530,"date":"2024-08-23T10:03:07","date_gmt":"2024-08-23T08:03:07","guid":{"rendered":"https:\/\/ukkieboo.com\/?post_type=product&#038;p=6530"},"modified":"2026-04-17T22:42:33","modified_gmt":"2026-04-17T20:42:33","slug":"ukkieboo-tritthocker-weiss","status":"publish","type":"product","link":"https:\/\/ukkieboo.com\/de\/product\/ukkieboo-opstapje-wit\/","title":{"rendered":"Ukkieboo Tritthocker Wei\u00df"},"content":{"rendered":"\t\t<div data-elementor-type=\"product-post\" data-elementor-id=\"6530\" class=\"elementor elementor-6530\" data-elementor-post-type=\"product\">\n\t\t\t\t<div class=\"elementor-element elementor-element-65075e9 e-flex e-con-boxed e-con e-parent\" data-id=\"65075e9\" data-element_type=\"container\" data-e-type=\"container\">\n\t\t\t\t\t<div class=\"e-con-inner\">\n\t\t<div class=\"elementor-element elementor-element-6f4689c e-con-full e-flex e-con e-child\" data-id=\"6f4689c\" data-element_type=\"container\" data-e-type=\"container\">\n\t\t\t\t<div class=\"elementor-element elementor-element-07aba0c elementor-widget elementor-widget-heading\" data-id=\"07aba0c\" data-element_type=\"widget\" data-e-type=\"widget\" data-widget_type=\"heading.default\">\n\t\t\t\t<div class=\"elementor-widget-container\">\n\t\t\t\t\t<h2 class=\"elementor-heading-title elementor-size-default\">Productbeschrijving<\/h2>\t\t\t\t<\/div>\n\t\t\t\t<\/div>\n\t\t\t\t<div class=\"elementor-element elementor-element-fcad227 elementor-widget elementor-widget-text-editor\" data-id=\"fcad227\" data-element_type=\"widget\" data-e-type=\"widget\" data-widget_type=\"text-editor.default\">\n\t\t\t\t<div class=\"elementor-widget-container\">\n\t\t\t\t\t\t\t\t\t<p>Ben je op zoek naar een veilig en handig wit opstapje voor je kleintje? Het <strong>UkkieBoo opstapje wit<\/strong> is de perfecte keuze! Met een maximaal belastbaar gewicht van 100 kg en een antislip oppervlak biedt dit opstapje de nodige stabiliteit en veiligheid. Of het nu voor de keuken, de wc of de badkamer is, dit witte opstapkrukje is de ideale oplossing. Met zijn ergonomische en verstevigd design voelt je kind zich zelfverzekerd bij het bereiken van hogere plekken.<\/p>\t\t\t\t\t\t\t\t<\/div>\n\t\t\t\t<\/div>\n\t\t\t\t<div class=\"elementor-element elementor-element-27ea2b9 elementor-widget elementor-widget-heading\" data-id=\"27ea2b9\" data-element_type=\"widget\" data-e-type=\"widget\" data-widget_type=\"heading.default\">\n\t\t\t\t<div class=\"elementor-widget-container\">\n\t\t\t\t\t<h3 class=\"elementor-heading-title elementor-size-default\">Voordelen van het UkkieBoo opstapje wit:<br><br><\/h3>\t\t\t\t<\/div>\n\t\t\t\t<\/div>\n\t\t\t\t<div class=\"elementor-element elementor-element-73ccca2 elementor-icon-list--layout-traditional elementor-list-item-link-full_width elementor-widget elementor-widget-icon-list\" data-id=\"73ccca2\" data-element_type=\"widget\" data-e-type=\"widget\" data-widget_type=\"icon-list.default\">\n\t\t\t\t<div class=\"elementor-widget-container\">\n\t\t\t\t\t\t\t<ul class=\"elementor-icon-list-items\">\n\t\t\t\t\t\t\t<li class=\"elementor-icon-list-item\">\n\t\t\t\t\t\t\t\t\t\t\t<span class=\"elementor-icon-list-icon\">\n\t\t\t\t\t\t\t<i aria-hidden=\"true\" class=\"fas fa-circle\"><\/i>\t\t\t\t\t\t<\/span>\n\t\t\t\t\t\t\t\t\t\t<span class=\"elementor-icon-list-text\">Antislip rubber onderkant voor extra grip<\/span>\n\t\t\t\t\t\t\t\t\t<\/li>\n\t\t\t\t\t\t\t\t<li class=\"elementor-icon-list-item\">\n\t\t\t\t\t\t\t\t\t\t\t<span class=\"elementor-icon-list-icon\">\n\t\t\t\t\t\t\t<i aria-hidden=\"true\" class=\"fas fa-circle\"><\/i>\t\t\t\t\t\t<\/span>\n\t\t\t\t\t\t\t\t\t\t<span class=\"elementor-icon-list-text\">Verstevigd ontwerp voor extra stabiliteit<\/span>\n\t\t\t\t\t\t\t\t\t<\/li>\n\t\t\t\t\t\t\t\t<li class=\"elementor-icon-list-item\">\n\t\t\t\t\t\t\t\t\t\t\t<span class=\"elementor-icon-list-icon\">\n\t\t\t\t\t\t\t<i aria-hidden=\"true\" class=\"fas fa-circle\"><\/i>\t\t\t\t\t\t<\/span>\n\t\t\t\t\t\t\t\t\t\t<span class=\"elementor-icon-list-text\">Kan een gewicht tot 100 KG dragen<\/span>\n\t\t\t\t\t\t\t\t\t<\/li>\n\t\t\t\t\t\t\t\t<li class=\"elementor-icon-list-item\">\n\t\t\t\t\t\t\t\t\t\t\t<span class=\"elementor-icon-list-icon\">\n\t\t\t\t\t\t\t<i aria-hidden=\"true\" class=\"fas fa-circle\"><\/i>\t\t\t\t\t\t<\/span>\n\t\t\t\t\t\t\t\t\t\t<span class=\"elementor-icon-list-text\">Ergonomisch ontwerp voor comfortabel gebruik<\/span>\n\t\t\t\t\t\t\t\t\t<\/li>\n\t\t\t\t\t\t\t\t<li class=\"elementor-icon-list-item\">\n\t\t\t\t\t\t\t\t\t\t\t<span class=\"elementor-icon-list-icon\">\n\t\t\t\t\t\t\t<i aria-hidden=\"true\" class=\"fas fa-circle\"><\/i>\t\t\t\t\t\t<\/span>\n\t\t\t\t\t\t\t\t\t\t<span class=\"elementor-icon-list-text\">Geschikt als opstapje voor wc, badkamer en keuken<\/span>\n\t\t\t\t\t\t\t\t\t<\/li>\n\t\t\t\t\t\t\t\t<li class=\"elementor-icon-list-item\">\n\t\t\t\t\t\t\t\t\t\t\t<span class=\"elementor-icon-list-icon\">\n\t\t\t\t\t\t\t<i aria-hidden=\"true\" class=\"fas fa-circle\"><\/i>\t\t\t\t\t\t<\/span>\n\t\t\t\t\t\t\t\t\t\t<span class=\"elementor-icon-list-text\">Handig als wc trainer voor kinderen<\/span>\n\t\t\t\t\t\t\t\t\t<\/li>\n\t\t\t\t\t\t\t\t<li class=\"elementor-icon-list-item\">\n\t\t\t\t\t\t\t\t\t\t\t<span class=\"elementor-icon-list-icon\">\n\t\t\t\t\t\t\t<i aria-hidden=\"true\" class=\"fas fa-circle\"><\/i>\t\t\t\t\t\t<\/span>\n\t\t\t\t\t\t\t\t\t\t<span class=\"elementor-icon-list-text\">Afmetingen: 38x34x14\/26 cm<\/span>\n\t\t\t\t\t\t\t\t\t<\/li>\n\t\t\t\t\t\t\t\t<li class=\"elementor-icon-list-item\">\n\t\t\t\t\t\t\t\t\t\t\t<span class=\"elementor-icon-list-icon\">\n\t\t\t\t\t\t\t<i aria-hidden=\"true\" class=\"fas fa-circle\"><\/i>\t\t\t\t\t\t<\/span>\n\t\t\t\t\t\t\t\t\t\t<span class=\"elementor-icon-list-text\">Geschikt als kinderopstapje<\/span>\n\t\t\t\t\t\t\t\t\t<\/li>\n\t\t\t\t\t\t\t\t<li class=\"elementor-icon-list-item\">\n\t\t\t\t\t\t\t\t\t\t\t<span class=\"elementor-icon-list-icon\">\n\t\t\t\t\t\t\t<i aria-hidden=\"true\" class=\"fas fa-circle\"><\/i>\t\t\t\t\t\t<\/span>\n\t\t\t\t\t\t\t\t\t\t<span class=\"elementor-icon-list-text\">Biedt extra veiligheid<\/span>\n\t\t\t\t\t\t\t\t\t<\/li>\n\t\t\t\t\t\t<\/ul>\n\t\t\t\t\t\t<\/div>\n\t\t\t\t<\/div>\n\t\t\t\t<div class=\"elementor-element elementor-element-76da8f6 elementor-widget elementor-widget-text-editor\" data-id=\"76da8f6\" data-element_type=\"widget\" data-e-type=\"widget\" data-widget_type=\"text-editor.default\">\n\t\t\t\t<div class=\"elementor-widget-container\">\n\t\t\t\t\t\t\t\t\t<p class=\"font-claude-response-body break-words whitespace-normal leading-[1.7]\">Dit opstapje van UkkieBoo is ideaal voor ouders die op zoek zijn naar een veilig en handig opstapje voor gebruik in de keuken, wc en badkamer. Het heeft een stevig kunststof frame met geribde onderkant voor optimale gewichtsverdeling, waardoor het veilig tot 100 kg kan dragen. Het handvat met antislip rubber en de rubberen onderkant bieden extra grip, ook in natte ruimtes.<\/p><p class=\"font-claude-response-body break-words whitespace-normal leading-[1.7]\">Het UkkieBoo opstapje wit is gemaakt van hoogwaardig kunststof en rubber, eenvoudig schoon te maken met een vochtige doek. Met afmetingen van 38x34x14\/26 cm past het overal en is het ideaal als kinderopstapje voor wc, badkamer en keuken. Geschikt voor kinderen vanaf 30 maanden.<\/p><p class=\"font-claude-response-body break-words whitespace-normal leading-[1.7]\">Dankzij het compacte formaat is het opstapje eenvoudig op te bergen en mee te nemen. Het is niet alleen handig voor kinderen, maar ook voor volwassenen die ergens niet goed bij kunnen. Het verstevigde ontwerp zorgt ervoor dat het opstapje jarenlang meegaat \u2014 een slimme investering voor elk gezin. De kleur wit past tijdloos in elk interieur en elke badkamer. Bekijk ook onze andere <strong><a class=\"underline underline underline-offset-2 decoration-1 decoration-current\/40 hover:decoration-current focus:decoration-current\" href=\"https:\/\/ukkieboo.com\/shop\/\">UkkieBoo opstapjes<\/a><\/strong>.<\/p>\t\t\t\t\t\t\t\t<\/div>\n\t\t\t\t<\/div>\n\t\t\t\t<\/div>\n\t\t\t\t\t<\/div>\n\t\t\t\t<\/div>\n\t\t\t\t<\/div>\n\t\t","protected":false},"excerpt":{"rendered":"<p>Ben je op zoek naar een veilig wit opstapje voor je kleintje? Het <strong>UkkieBoo opstapje wit<\/strong> ist die perfekte Wahl! Mit einem maximalen Gewicht von 100 kg und einer rutschfesten Oberfl\u00e4che bietet dieser Tritthocker die n\u00f6tige Stabilit\u00e4t und Sicherheit. Ob f\u00fcr die K\u00fcche, das WC oder das Badezimmer, dieser Tritthocker ist die ideale L\u00f6sung.<\/p>\n<p>Met zijn ergonomische en verstevigd design voelt je kind zich zelfverzekerd bij het bereiken van hogere plekken. Geef je kind de onafhankelijkheid die ze nodig hebben!<\/p>","protected":false},"featured_media":6531,"template":"","meta":{"site-sidebar-layout":"no-sidebar","site-content-layout":"page-builder","ast-site-content-layout":"full-width-container","site-content-style":"default","site-sidebar-style":"default","ast-global-header-display":"","ast-banner-title-visibility":"","ast-main-header-display":"","ast-hfb-above-header-display":"","ast-hfb-below-header-display":"","ast-hfb-mobile-header-display":"","site-post-title":"disabled","ast-breadcrumbs-content":"","ast-featured-img":"disabled","footer-sml-layout":"","ast-disable-related-posts":"","theme-transparent-header-meta":"default","adv-header-id-meta":"","stick-header-meta":"default","header-above-stick-meta":"","header-main-stick-meta":"","header-below-stick-meta":"","astra-migrate-meta-layouts":"set","ast-page-background-enabled":"default","ast-page-background-meta":{"desktop":{"background-color":"var(--ast-global-color-4)","background-image":"","background-repeat":"repeat","background-position":"center center","background-size":"auto","background-attachment":"scroll","background-type":"","background-media":"","overlay-type":"","overlay-color":"","overlay-opacity":"","overlay-gradient":""},"tablet":{"background-color":"","background-image":"","background-repeat":"repeat","background-position":"center center","background-size":"auto","background-attachment":"scroll","background-type":"","background-media":"","overlay-type":"","overlay-color":"","overlay-opacity":"","overlay-gradient":""},"mobile":{"background-color":"","background-image":"","background-repeat":"repeat","background-position":"center center","background-size":"auto","background-attachment":"scroll","background-type":"","background-media":"","overlay-type":"","overlay-color":"","overlay-opacity":"","overlay-gradient":""}},"ast-content-background-meta":{"desktop":{"background-color":"var(--ast-global-color-5)","background-image":"","background-repeat":"repeat","background-position":"center center","background-size":"auto","background-attachment":"scroll","background-type":"","background-media":"","overlay-type":"","overlay-color":"","overlay-opacity":"","overlay-gradient":""},"tablet":{"background-color":"var(--ast-global-color-5)","background-image":"","background-repeat":"repeat","background-position":"center center","background-size":"auto","background-attachment":"scroll","background-type":"","background-media":"","overlay-type":"","overlay-color":"","overlay-opacity":"","overlay-gradient":""},"mobile":{"background-color":"var(--ast-global-color-5)","background-image":"","background-repeat":"repeat","background-position":"center center","background-size":"auto","background-attachment":"scroll","background-type":"","background-media":"","overlay-type":"","overlay-color":"","overlay-opacity":"","overlay-gradient":""}}},"product_brand":[],"product_cat":[20],"product_tag":[],"class_list":{"0":"post-6530","1":"product","2":"type-product","3":"status-publish","4":"has-post-thumbnail","6":"product_cat-opstapjes","7":"desktop-align-left","8":"tablet-align-left","9":"mobile-align-left","10":"ast-product-gallery-layout-horizontal","11":"ast-product-tabs-layout-horizontal","13":"first","14":"instock","15":"shipping-taxable","16":"purchasable","17":"product-type-simple"},"yoast_head":"<!-- This site is optimized with the Yoast SEO plugin v27.4 - https:\/\/yoast.com\/product\/yoast-seo-wordpress\/ -->\n<title>UkkieBoo Opstapje Wit - Antislip Krukje | \u20ac24,95<\/title>\n<meta name=\"description\" content=\"UkkieBoo opstapje wit \u2713 Antislip tot 100kg \u2713 Perfect voor kinderen \u2713 WC, bad &amp; keuken \u2713 \u20ac24,95 \u2713 Voor 23:59 besteld = morgen in huis\" \/>\n<meta name=\"robots\" content=\"index, follow, max-snippet:-1, max-image-preview:large, max-video-preview:-1\" \/>\n<link rel=\"canonical\" href=\"https:\/\/ukkieboo.com\/de\/produkt\/ukkieboo-tritthocker-weiss\/\" \/>\n<meta property=\"og:locale\" content=\"de_DE\" \/>\n<meta property=\"og:type\" content=\"article\" \/>\n<meta property=\"og:title\" content=\"UkkieBoo Opstapje Wit - Antislip Krukje | \u20ac24,95\" \/>\n<meta property=\"og:description\" content=\"UkkieBoo opstapje wit \u2713 Antislip tot 100kg \u2713 Perfect voor kinderen \u2713 WC, bad &amp; keuken \u2713 \u20ac24,95 \u2713 Voor 23:59 besteld = morgen in huis\" \/>\n<meta property=\"og:url\" content=\"https:\/\/ukkieboo.com\/de\/produkt\/ukkieboo-tritthocker-weiss\/\" \/>\n<meta property=\"og:site_name\" content=\"UkkieBoo\" \/>\n<meta property=\"article:modified_time\" content=\"2026-04-17T20:42:33+00:00\" \/>\n<meta property=\"og:image\" content=\"https:\/\/ukkieboo.com\/wp-content\/uploads\/2024\/08\/UkkieBoo-Opstapje-Antislip-Krukje-voor-keuken-WC-en-badkamer-Max-100kg-Wit-01-1.jpg\" \/>\n\t<meta property=\"og:image:width\" content=\"1200\" \/>\n\t<meta property=\"og:image:height\" content=\"1200\" \/>\n\t<meta property=\"og:image:type\" content=\"image\/jpeg\" \/>\n<meta name=\"twitter:card\" content=\"summary_large_image\" \/>\n<meta name=\"twitter:label1\" content=\"Gesch\u00e4tzte Lesezeit\" \/>\n\t<meta name=\"twitter:data1\" content=\"2\u00a0Minuten\" \/>\n<script type=\"application\/ld+json\" class=\"yoast-schema-graph\">{\"@context\":\"https:\\\/\\\/schema.org\",\"@graph\":[{\"@type\":\"WebPage\",\"@id\":\"https:\\\/\\\/ukkieboo.com\\\/product\\\/ukkieboo-opstapje-wit\\\/\",\"url\":\"https:\\\/\\\/ukkieboo.com\\\/product\\\/ukkieboo-opstapje-wit\\\/\",\"name\":\"UkkieBoo Opstapje Wit - Antislip Krukje | \u20ac24,95\",\"isPartOf\":{\"@id\":\"https:\\\/\\\/ukkieboo.com\\\/#website\"},\"primaryImageOfPage\":{\"@id\":\"https:\\\/\\\/ukkieboo.com\\\/product\\\/ukkieboo-opstapje-wit\\\/#primaryimage\"},\"image\":{\"@id\":\"https:\\\/\\\/ukkieboo.com\\\/product\\\/ukkieboo-opstapje-wit\\\/#primaryimage\"},\"thumbnailUrl\":\"https:\\\/\\\/ukkieboo.com\\\/wp-content\\\/uploads\\\/2024\\\/08\\\/UkkieBoo-Opstapje-Antislip-Krukje-voor-keuken-WC-en-badkamer-Max-100kg-Wit-01-1.jpg\",\"datePublished\":\"2024-08-23T08:03:07+00:00\",\"dateModified\":\"2026-04-17T20:42:33+00:00\",\"description\":\"UkkieBoo opstapje wit \u2713 Antislip tot 100kg \u2713 Perfect voor kinderen \u2713 WC, bad & keuken \u2713 \u20ac24,95 \u2713 Voor 23:59 besteld = morgen in huis\",\"breadcrumb\":{\"@id\":\"https:\\\/\\\/ukkieboo.com\\\/product\\\/ukkieboo-opstapje-wit\\\/#breadcrumb\"},\"inLanguage\":\"de\",\"potentialAction\":[{\"@type\":\"ReadAction\",\"target\":[\"https:\\\/\\\/ukkieboo.com\\\/product\\\/ukkieboo-opstapje-wit\\\/\"]}]},{\"@type\":\"ImageObject\",\"inLanguage\":\"de\",\"@id\":\"https:\\\/\\\/ukkieboo.com\\\/product\\\/ukkieboo-opstapje-wit\\\/#primaryimage\",\"url\":\"https:\\\/\\\/ukkieboo.com\\\/wp-content\\\/uploads\\\/2024\\\/08\\\/UkkieBoo-Opstapje-Antislip-Krukje-voor-keuken-WC-en-badkamer-Max-100kg-Wit-01-1.jpg\",\"contentUrl\":\"https:\\\/\\\/ukkieboo.com\\\/wp-content\\\/uploads\\\/2024\\\/08\\\/UkkieBoo-Opstapje-Antislip-Krukje-voor-keuken-WC-en-badkamer-Max-100kg-Wit-01-1.jpg\",\"width\":1200,\"height\":1200,\"caption\":\"UkkieBoo opstapje wit\"},{\"@type\":\"BreadcrumbList\",\"@id\":\"https:\\\/\\\/ukkieboo.com\\\/product\\\/ukkieboo-opstapje-wit\\\/#breadcrumb\",\"itemListElement\":[{\"@type\":\"ListItem\",\"position\":1,\"name\":\"Home\",\"item\":\"https:\\\/\\\/ukkieboo.com\\\/\"},{\"@type\":\"ListItem\",\"position\":2,\"name\":\"Shop\",\"item\":\"https:\\\/\\\/ukkieboo.com\\\/shop\\\/\"},{\"@type\":\"ListItem\",\"position\":3,\"name\":\"UkkieBoo Opstapje Wit\"}]},{\"@type\":\"WebSite\",\"@id\":\"https:\\\/\\\/ukkieboo.com\\\/#website\",\"url\":\"https:\\\/\\\/ukkieboo.com\\\/\",\"name\":\"UkkieBoo\",\"description\":\"De veilige Keuze voor jouw kleintje!\",\"publisher\":{\"@id\":\"https:\\\/\\\/ukkieboo.com\\\/#organization\"},\"potentialAction\":[{\"@type\":\"SearchAction\",\"target\":{\"@type\":\"EntryPoint\",\"urlTemplate\":\"https:\\\/\\\/ukkieboo.com\\\/?s={search_term_string}\"},\"query-input\":{\"@type\":\"PropertyValueSpecification\",\"valueRequired\":true,\"valueName\":\"search_term_string\"}}],\"inLanguage\":\"de\"},{\"@type\":\"Organization\",\"@id\":\"https:\\\/\\\/ukkieboo.com\\\/#organization\",\"name\":\"UkkieBoo\",\"url\":\"https:\\\/\\\/ukkieboo.com\\\/\",\"logo\":{\"@type\":\"ImageObject\",\"inLanguage\":\"de\",\"@id\":\"https:\\\/\\\/ukkieboo.com\\\/#\\\/schema\\\/logo\\\/image\\\/\",\"url\":\"https:\\\/\\\/ukkieboo.com\\\/wp-content\\\/uploads\\\/2024\\\/08\\\/Logo-UkkieBoo.svg\",\"contentUrl\":\"https:\\\/\\\/ukkieboo.com\\\/wp-content\\\/uploads\\\/2024\\\/08\\\/Logo-UkkieBoo.svg\",\"width\":255,\"height\":160,\"caption\":\"UkkieBoo\"},\"image\":{\"@id\":\"https:\\\/\\\/ukkieboo.com\\\/#\\\/schema\\\/logo\\\/image\\\/\"}}]}<\/script>\n<!-- \/ Yoast SEO plugin. -->","yoast_head_json":{"title":"UkkieBoo Opstapje Wit - Antislip Krukje | \u20ac24,95","description":"UkkieBoo opstapje wit \u2713 Antislip tot 100kg \u2713 Perfect voor kinderen \u2713 WC, bad & keuken \u2713 \u20ac24,95 \u2713 Voor 23:59 besteld = morgen in huis","robots":{"index":"index","follow":"follow","max-snippet":"max-snippet:-1","max-image-preview":"max-image-preview:large","max-video-preview":"max-video-preview:-1"},"canonical":"https:\/\/ukkieboo.com\/de\/produkt\/ukkieboo-tritthocker-weiss\/","og_locale":"de_DE","og_type":"article","og_title":"UkkieBoo Opstapje Wit - Antislip Krukje | \u20ac24,95","og_description":"UkkieBoo opstapje wit \u2713 Antislip tot 100kg \u2713 Perfect voor kinderen \u2713 WC, bad & keuken \u2713 \u20ac24,95 \u2713 Voor 23:59 besteld = morgen in huis","og_url":"https:\/\/ukkieboo.com\/de\/produkt\/ukkieboo-tritthocker-weiss\/","og_site_name":"UkkieBoo","article_modified_time":"2026-04-17T20:42:33+00:00","og_image":[{"width":1200,"height":1200,"url":"https:\/\/ukkieboo.com\/wp-content\/uploads\/2024\/08\/UkkieBoo-Opstapje-Antislip-Krukje-voor-keuken-WC-en-badkamer-Max-100kg-Wit-01-1.jpg","type":"image\/jpeg"}],"twitter_card":"summary_large_image","twitter_misc":{"Gesch\u00e4tzte Lesezeit":"2\u00a0Minuten"},"schema":{"@context":"https:\/\/schema.org","@graph":[{"@type":"WebPage","@id":"https:\/\/ukkieboo.com\/product\/ukkieboo-opstapje-wit\/","url":"https:\/\/ukkieboo.com\/product\/ukkieboo-opstapje-wit\/","name":"UkkieBoo Opstapje Wit - Antislip Krukje | \u20ac24,95","isPartOf":{"@id":"https:\/\/ukkieboo.com\/#website"},"primaryImageOfPage":{"@id":"https:\/\/ukkieboo.com\/product\/ukkieboo-opstapje-wit\/#primaryimage"},"image":{"@id":"https:\/\/ukkieboo.com\/product\/ukkieboo-opstapje-wit\/#primaryimage"},"thumbnailUrl":"https:\/\/ukkieboo.com\/wp-content\/uploads\/2024\/08\/UkkieBoo-Opstapje-Antislip-Krukje-voor-keuken-WC-en-badkamer-Max-100kg-Wit-01-1.jpg","datePublished":"2024-08-23T08:03:07+00:00","dateModified":"2026-04-17T20:42:33+00:00","description":"UkkieBoo opstapje wit \u2713 Antislip tot 100kg \u2713 Perfect voor kinderen \u2713 WC, bad & keuken \u2713 \u20ac24,95 \u2713 Voor 23:59 besteld = morgen in huis","breadcrumb":{"@id":"https:\/\/ukkieboo.com\/product\/ukkieboo-opstapje-wit\/#breadcrumb"},"inLanguage":"de","potentialAction":[{"@type":"ReadAction","target":["https:\/\/ukkieboo.com\/product\/ukkieboo-opstapje-wit\/"]}]},{"@type":"ImageObject","inLanguage":"de","@id":"https:\/\/ukkieboo.com\/product\/ukkieboo-opstapje-wit\/#primaryimage","url":"https:\/\/ukkieboo.com\/wp-content\/uploads\/2024\/08\/UkkieBoo-Opstapje-Antislip-Krukje-voor-keuken-WC-en-badkamer-Max-100kg-Wit-01-1.jpg","contentUrl":"https:\/\/ukkieboo.com\/wp-content\/uploads\/2024\/08\/UkkieBoo-Opstapje-Antislip-Krukje-voor-keuken-WC-en-badkamer-Max-100kg-Wit-01-1.jpg","width":1200,"height":1200,"caption":"UkkieBoo opstapje wit"},{"@type":"BreadcrumbList","@id":"https:\/\/ukkieboo.com\/product\/ukkieboo-opstapje-wit\/#breadcrumb","itemListElement":[{"@type":"ListItem","position":1,"name":"Home","item":"https:\/\/ukkieboo.com\/"},{"@type":"ListItem","position":2,"name":"Shop","item":"https:\/\/ukkieboo.com\/shop\/"},{"@type":"ListItem","position":3,"name":"UkkieBoo Opstapje Wit"}]},{"@type":"WebSite","@id":"https:\/\/ukkieboo.com\/#website","url":"https:\/\/ukkieboo.com\/","name":"UkkieBoo","description":"De veilige Keuze voor jouw kleintje!","publisher":{"@id":"https:\/\/ukkieboo.com\/#organization"},"potentialAction":[{"@type":"SearchAction","target":{"@type":"EntryPoint","urlTemplate":"https:\/\/ukkieboo.com\/?s={search_term_string}"},"query-input":{"@type":"PropertyValueSpecification","valueRequired":true,"valueName":"search_term_string"}}],"inLanguage":"de"},{"@type":"Organization","@id":"https:\/\/ukkieboo.com\/#organization","name":"UkkieBoo","url":"https:\/\/ukkieboo.com\/","logo":{"@type":"ImageObject","inLanguage":"de","@id":"https:\/\/ukkieboo.com\/#\/schema\/logo\/image\/","url":"https:\/\/ukkieboo.com\/wp-content\/uploads\/2024\/08\/Logo-UkkieBoo.svg","contentUrl":"https:\/\/ukkieboo.com\/wp-content\/uploads\/2024\/08\/Logo-UkkieBoo.svg","width":255,"height":160,"caption":"UkkieBoo"},"image":{"@id":"https:\/\/ukkieboo.com\/#\/schema\/logo\/image\/"}}]}},"_links":{"self":[{"href":"https:\/\/ukkieboo.com\/de\/wp-json\/wp\/v2\/product\/6530","targetHints":{"allow":["GET"]}}],"collection":[{"href":"https:\/\/ukkieboo.com\/de\/wp-json\/wp\/v2\/product"}],"about":[{"href":"https:\/\/ukkieboo.com\/de\/wp-json\/wp\/v2\/types\/product"}],"version-history":[{"count":26,"href":"https:\/\/ukkieboo.com\/de\/wp-json\/wp\/v2\/product\/6530\/revisions"}],"predecessor-version":[{"id":7652,"href":"https:\/\/ukkieboo.com\/de\/wp-json\/wp\/v2\/product\/6530\/revisions\/7652"}],"wp:featuredmedia":[{"embeddable":true,"href":"https:\/\/ukkieboo.com\/de\/wp-json\/wp\/v2\/media\/6531"}],"wp:attachment":[{"href":"https:\/\/ukkieboo.com\/de\/wp-json\/wp\/v2\/media?parent=6530"}],"wp:term":[{"taxonomy":"product_brand","embeddable":true,"href":"https:\/\/ukkieboo.com\/de\/wp-json\/wp\/v2\/product_brand?post=6530"},{"taxonomy":"product_cat","embeddable":true,"href":"https:\/\/ukkieboo.com\/de\/wp-json\/wp\/v2\/product_cat?post=6530"},{"taxonomy":"product_tag","embeddable":true,"href":"https:\/\/ukkieboo.com\/de\/wp-json\/wp\/v2\/product_tag?post=6530"}],"curies":[{"name":"wp","href":"https:\/\/api.w.org\/{rel}","templated":true}]}}