{"id":7202,"date":"2024-08-28T08:38:38","date_gmt":"2024-08-28T06:38:38","guid":{"rendered":"https:\/\/ukkieboo.com\/?page_id=7202"},"modified":"2026-03-12T12:38:29","modified_gmt":"2026-03-12T11:38:29","slug":"widerruf","status":"publish","type":"page","link":"https:\/\/ukkieboo.com\/de\/retourvoorwaarden\/","title":{"rendered":"R\u00fcckgabebedingungen"},"content":{"rendered":"<div data-elementor-type=\"wp-page\" data-elementor-id=\"7202\" class=\"elementor elementor-7202\" data-elementor-post-type=\"page\">\n\t\t\t\t<div class=\"elementor-element elementor-element-c0ef9ca pad-xs e-flex e-con-boxed e-con e-parent\" data-id=\"c0ef9ca\" data-element_type=\"container\" data-e-type=\"container\" data-settings=\"{&quot;background_background&quot;:&quot;classic&quot;}\">\n\t\t\t\t\t<div class=\"e-con-inner\">\n\t\t<div class=\"elementor-element elementor-element-af68973 e-con-full e-flex e-con e-child\" data-id=\"af68973\" data-element_type=\"container\" data-e-type=\"container\">\n\t\t\t\t<div class=\"elementor-element elementor-element-274f5a9 elementor-widget__width-initial elementor-widget elementor-widget-heading\" data-id=\"274f5a9\" data-element_type=\"widget\" data-e-type=\"widget\" data-widget_type=\"heading.default\">\n\t\t\t\t<div class=\"elementor-widget-container\">\n\t\t\t\t\t<h1 class=\"elementor-heading-title elementor-size-default\">R\u00fcckgabebedingungen<\/h1>\t\t\t\t<\/div>\n\t\t\t\t<\/div>\n\t\t\t\t<div class=\"elementor-element elementor-element-b7713d0 elementor-widget elementor-widget-text-editor\" data-id=\"b7713d0\" data-element_type=\"widget\" data-e-type=\"widget\" data-widget_type=\"text-editor.default\">\n\t\t\t\t<div class=\"elementor-widget-container\">\n\t\t\t\t\t\t\t\t\tDoch nicht zufrieden mit dem Produkt? Innerhalb von 14 Tagen nach Erhalt haben Sie die M\u00f6glichkeit, das Produkt zur\u00fcckzusenden. Befolgen Sie dazu die folgenden Schritte.\t\t\t\t\t\t\t\t<\/div>\n\t\t\t\t<\/div>\n\t\t\t\t<div class=\"elementor-element elementor-element-14168b3 elementor-widget__width-initial elementor-widget elementor-widget-heading\" data-id=\"14168b3\" data-element_type=\"widget\" data-e-type=\"widget\" data-widget_type=\"heading.default\">\n\t\t\t\t<div class=\"elementor-widget-container\">\n\t\t\t\t\t<div class=\"elementor-heading-title elementor-size-default\">Schritt 1: Anmelden<\/div>\t\t\t\t<\/div>\n\t\t\t\t<\/div>\n\t\t\t\t<div class=\"elementor-element elementor-element-124a476 elementor-icon-list--layout-traditional elementor-list-item-link-full_width elementor-widget elementor-widget-icon-list\" data-id=\"124a476\" data-element_type=\"widget\" data-e-type=\"widget\" data-widget_type=\"icon-list.default\">\n\t\t\t\t<div class=\"elementor-widget-container\">\n\t\t\t\t\t\t\t<ul class=\"elementor-icon-list-items\">\n\t\t\t\t\t\t\t<li class=\"elementor-icon-list-item\">\n\t\t\t\t\t\t\t\t\t\t\t<span class=\"elementor-icon-list-icon\">\n\t\t\t\t\t\t\t<i aria-hidden=\"true\" class=\"fas fa-circle\"><\/i>\t\t\t\t\t\t<\/span>\n\t\t\t\t\t\t\t\t\t\t<span class=\"elementor-icon-list-text\">Senden Sie eine E-Mail an <a style=\"color: #35b4ea\" href=\"mailto:info@ukkieboo.com\" target=\"_self\">info@ukkieboo.com<\/a> und melden Sie Ihre R\u00fccksendung an.<\/span>\n\t\t\t\t\t\t\t\t\t<\/li>\n\t\t\t\t\t\t\t\t<li class=\"elementor-icon-list-item\">\n\t\t\t\t\t\t\t\t\t\t\t<span class=\"elementor-icon-list-icon\">\n\t\t\t\t\t\t\t<i aria-hidden=\"true\" class=\"fas fa-circle\"><\/i>\t\t\t\t\t\t<\/span>\n\t\t\t\t\t\t\t\t\t\t<span class=\"elementor-icon-list-text\">Geben Sie an, welche Artikel Sie zur\u00fccksenden m\u00f6chten, aus welchem Grund und nennen Sie Ihre Bestellnummer und Rechnungsnummer.<\/span>\n\t\t\t\t\t\t\t\t\t<\/li>\n\t\t\t\t\t\t<\/ul>\n\t\t\t\t\t\t<\/div>\n\t\t\t\t<\/div>\n\t\t\t\t<div class=\"elementor-element elementor-element-fdde6f6 elementor-widget__width-initial elementor-widget elementor-widget-heading\" data-id=\"fdde6f6\" data-element_type=\"widget\" data-e-type=\"widget\" data-widget_type=\"heading.default\">\n\t\t\t\t<div class=\"elementor-widget-container\">\n\t\t\t\t\t<div class=\"elementor-heading-title elementor-size-default\">Schritt 2: Verpackung<\/div>\t\t\t\t<\/div>\n\t\t\t\t<\/div>\n\t\t\t\t<div class=\"elementor-element elementor-element-edb3c11 elementor-icon-list--layout-traditional elementor-list-item-link-full_width elementor-widget elementor-widget-icon-list\" data-id=\"edb3c11\" data-element_type=\"widget\" data-e-type=\"widget\" data-widget_type=\"icon-list.default\">\n\t\t\t\t<div class=\"elementor-widget-container\">\n\t\t\t\t\t\t\t<ul class=\"elementor-icon-list-items\">\n\t\t\t\t\t\t\t<li class=\"elementor-icon-list-item\">\n\t\t\t\t\t\t\t\t\t\t\t<span class=\"elementor-icon-list-icon\">\n\t\t\t\t\t\t\t<i aria-hidden=\"true\" class=\"fas fa-circle\"><\/i>\t\t\t\t\t\t<\/span>\n\t\t\t\t\t\t\t\t\t\t<span class=\"elementor-icon-list-text\">Verpacken Sie die Produkte im Originalzustand und in der Originalverpackung in einem Karton.<\/span>\n\t\t\t\t\t\t\t\t\t<\/li>\n\t\t\t\t\t\t<\/ul>\n\t\t\t\t\t\t<\/div>\n\t\t\t\t<\/div>\n\t\t\t\t<div class=\"elementor-element elementor-element-40da4b7 elementor-widget__width-initial elementor-widget elementor-widget-heading\" data-id=\"40da4b7\" data-element_type=\"widget\" data-e-type=\"widget\" data-widget_type=\"heading.default\">\n\t\t\t\t<div class=\"elementor-widget-container\">\n\t\t\t\t\t<div class=\"elementor-heading-title elementor-size-default\">Schritt 3: Versand<\/div>\t\t\t\t<\/div>\n\t\t\t\t<\/div>\n\t\t\t\t<div class=\"elementor-element elementor-element-a805d0f elementor-icon-list--layout-traditional elementor-list-item-link-full_width elementor-widget elementor-widget-icon-list\" data-id=\"a805d0f\" data-element_type=\"widget\" data-e-type=\"widget\" data-widget_type=\"icon-list.default\">\n\t\t\t\t<div class=\"elementor-widget-container\">\n\t\t\t\t\t\t\t<ul class=\"elementor-icon-list-items\">\n\t\t\t\t\t\t\t<li class=\"elementor-icon-list-item\">\n\t\t\t\t\t\t\t\t\t\t\t<span class=\"elementor-icon-list-icon\">\n\t\t\t\t\t\t\t<i aria-hidden=\"true\" class=\"fas fa-circle\"><\/i>\t\t\t\t\t\t<\/span>\n\t\t\t\t\t\t\t\t\t\t<span class=\"elementor-icon-list-text\">Geben Sie das Paket bei der Post ab;<\/span>\n\t\t\t\t\t\t\t\t\t<\/li>\n\t\t\t\t\t\t\t\t<li class=\"elementor-icon-list-item\">\n\t\t\t\t\t\t\t\t\t\t\t<span class=\"elementor-icon-list-icon\">\n\t\t\t\t\t\t\t<i aria-hidden=\"true\" class=\"fas fa-circle\"><\/i>\t\t\t\t\t\t<\/span>\n\t\t\t\t\t\t\t\t\t\t<span class=\"elementor-icon-list-text\">Bewahren Sie den Versandnachweis gut auf.<\/span>\n\t\t\t\t\t\t\t\t\t<\/li>\n\t\t\t\t\t\t<\/ul>\n\t\t\t\t\t\t<\/div>\n\t\t\t\t<\/div>\n\t\t\t\t<div class=\"elementor-element elementor-element-a5381c0 elementor-widget__width-initial elementor-widget elementor-widget-heading\" data-id=\"a5381c0\" data-element_type=\"widget\" data-e-type=\"widget\" data-widget_type=\"heading.default\">\n\t\t\t\t<div class=\"elementor-widget-container\">\n\t\t\t\t\t<h2 class=\"elementor-heading-title elementor-size-default\">R\u00fcckerstattung<\/h2>\t\t\t\t<\/div>\n\t\t\t\t<\/div>\n\t\t\t\t<div class=\"elementor-element elementor-element-476659b elementor-widget__width-initial elementor-widget elementor-widget-heading\" data-id=\"476659b\" data-element_type=\"widget\" data-e-type=\"widget\" data-widget_type=\"heading.default\">\n\t\t\t\t<div class=\"elementor-widget-container\">\n\t\t\t\t\t<div class=\"elementor-heading-title elementor-size-default\">Wann zahlen wir zur\u00fcck?<\/div>\t\t\t\t<\/div>\n\t\t\t\t<\/div>\n\t\t\t\t<div class=\"elementor-element elementor-element-b5bc2df elementor-widget elementor-widget-text-editor\" data-id=\"b5bc2df\" data-element_type=\"widget\" data-e-type=\"widget\" data-widget_type=\"text-editor.default\">\n\t\t\t\t<div class=\"elementor-widget-container\">\n\t\t\t\t\t\t\t\t\tWir \u00fcberweisen die von Ihnen get\u00e4tigten Kosten so schnell wie m\u00f6glich nach dem Widerruf an Sie zur\u00fcck.\t\t\t\t\t\t\t\t<\/div>\n\t\t\t\t<\/div>\n\t\t\t\t<div class=\"elementor-element elementor-element-10a37dc elementor-widget__width-initial elementor-widget elementor-widget-heading\" data-id=\"10a37dc\" data-element_type=\"widget\" data-e-type=\"widget\" data-widget_type=\"heading.default\">\n\t\t\t\t<div class=\"elementor-widget-container\">\n\t\t\t\t\t<div class=\"elementor-heading-title elementor-size-default\">Was bekommen Sie zur\u00fcck?<\/div>\t\t\t\t<\/div>\n\t\t\t\t<\/div>\n\t\t\t\t<div class=\"elementor-element elementor-element-6c866c8 elementor-widget elementor-widget-text-editor\" data-id=\"6c866c8\" data-element_type=\"widget\" data-e-type=\"widget\" data-widget_type=\"text-editor.default\">\n\t\t\t\t<div class=\"elementor-widget-container\">\n\t\t\t\t\t\t\t\t\tSie erhalten den vollst\u00e4ndigen Kaufbetrag zur\u00fcck, einschlie\u00dflich der urspr\u00fcnglich bezahlten Versandkosten.\t\t\t\t\t\t\t\t<\/div>\n\t\t\t\t<\/div>\n\t\t\t\t<div class=\"elementor-element elementor-element-42f0000 elementor-widget__width-initial elementor-widget elementor-widget-heading\" data-id=\"42f0000\" data-element_type=\"widget\" data-e-type=\"widget\" data-widget_type=\"heading.default\">\n\t\t\t\t<div class=\"elementor-widget-container\">\n\t\t\t\t\t<div class=\"elementor-heading-title elementor-size-default\">Wo erhalte ich den zur\u00fcckerstatteten Betrag?<\/div>\t\t\t\t<\/div>\n\t\t\t\t<\/div>\n\t\t\t\t<div class=\"elementor-element elementor-element-6d42f65 elementor-widget elementor-widget-text-editor\" data-id=\"6d42f65\" data-element_type=\"widget\" data-e-type=\"widget\" data-widget_type=\"text-editor.default\">\n\t\t\t\t<div class=\"elementor-widget-container\">\n\t\t\t\t\t\t\t\t\tWir \u00fcberweisen den Betrag auf dieselbe Weise zur\u00fcck, wie Sie bezahlt haben. Funktioniert dies nicht? Dann nehmen wir Kontakt mit Ihnen auf.\t\t\t\t\t\t\t\t<\/div>\n\t\t\t\t<\/div>\n\t\t\t\t<div class=\"elementor-element elementor-element-3319272 elementor-widget__width-initial elementor-widget elementor-widget-heading\" data-id=\"3319272\" data-element_type=\"widget\" data-e-type=\"widget\" data-widget_type=\"heading.default\">\n\t\t\t\t<div class=\"elementor-widget-container\">\n\t\t\t\t\t<h2 class=\"elementor-heading-title elementor-size-default\">Kosten f\u00fcr die R\u00fccksendung<\/h2>\t\t\t\t<\/div>\n\t\t\t\t<\/div>\n\t\t\t\t<div class=\"elementor-element elementor-element-4fb790e elementor-widget elementor-widget-text-editor\" data-id=\"4fb790e\" data-element_type=\"widget\" data-e-type=\"widget\" data-widget_type=\"text-editor.default\">\n\t\t\t\t<div class=\"elementor-widget-container\">\n\t\t\t\t\t\t\t\t\tDie Kosten f\u00fcr die R\u00fccksendung gehen zu Ihren Lasten. Senden Sie ein Produkt zur\u00fcck, weil es besch\u00e4digt oder falsch geliefert wurde? Dann erstatten wir diese Kosten nachtr\u00e4glich.\t\t\t\t\t\t\t\t<\/div>\n\t\t\t\t<\/div>\n\t\t\t\t<div class=\"elementor-element elementor-element-99077d7 elementor-widget__width-initial elementor-widget elementor-widget-heading\" data-id=\"99077d7\" data-element_type=\"widget\" data-e-type=\"widget\" data-widget_type=\"heading.default\">\n\t\t\t\t<div class=\"elementor-widget-container\">\n\t\t\t\t\t<h2 class=\"elementor-heading-title elementor-size-default\">Kontakt<\/h2>\t\t\t\t<\/div>\n\t\t\t\t<\/div>\n\t\t\t\t<div class=\"elementor-element elementor-element-e89e2de elementor-widget elementor-widget-text-editor\" data-id=\"e89e2de\" data-element_type=\"widget\" data-e-type=\"widget\" data-widget_type=\"text-editor.default\">\n\t\t\t\t<div class=\"elementor-widget-container\">\n\t\t\t\t\t\t\t\t\tDie Kosten f\u00fcr die R\u00fccksendung gehen zu Ihren Lasten. Senden Sie ein Produkt zur\u00fcck, weil es besch\u00e4digt oder falsch geliefert wurde? Dann erstatten wir diese Kosten nachtr\u00e4glich.\t\t\t\t\t\t\t\t<\/div>\n\t\t\t\t<\/div>\n\t\t\t\t<div class=\"elementor-element elementor-element-1cf6fd4 elementor-icon-list--layout-traditional elementor-list-item-link-full_width elementor-widget elementor-widget-icon-list\" data-id=\"1cf6fd4\" data-element_type=\"widget\" data-e-type=\"widget\" data-widget_type=\"icon-list.default\">\n\t\t\t\t<div class=\"elementor-widget-container\">\n\t\t\t\t\t\t\t<ul class=\"elementor-icon-list-items\">\n\t\t\t\t\t\t\t<li class=\"elementor-icon-list-item\">\n\t\t\t\t\t\t\t\t\t\t\t<span class=\"elementor-icon-list-icon\">\n\t\t\t\t\t\t\t<i aria-hidden=\"true\" class=\"fas fa-circle\"><\/i>\t\t\t\t\t\t<\/span>\n\t\t\t\t\t\t\t\t\t\t<span class=\"elementor-icon-list-text\">Firmenname: UkkieBoo<\/span>\n\t\t\t\t\t\t\t\t\t<\/li>\n\t\t\t\t\t\t\t\t<li class=\"elementor-icon-list-item\">\n\t\t\t\t\t\t\t\t\t\t\t<span class=\"elementor-icon-list-icon\">\n\t\t\t\t\t\t\t<i aria-hidden=\"true\" class=\"fas fa-circle\"><\/i>\t\t\t\t\t\t<\/span>\n\t\t\t\t\t\t\t\t\t\t<span class=\"elementor-icon-list-text\">Adresse: Mina Krusemanpark 50<\/span>\n\t\t\t\t\t\t\t\t\t<\/li>\n\t\t\t\t\t\t\t\t<li class=\"elementor-icon-list-item\">\n\t\t\t\t\t\t\t\t\t\t\t<span class=\"elementor-icon-list-icon\">\n\t\t\t\t\t\t\t<i aria-hidden=\"true\" class=\"fas fa-circle\"><\/i>\t\t\t\t\t\t<\/span>\n\t\t\t\t\t\t\t\t\t\t<span class=\"elementor-icon-list-text\">Postleitzahl + Ort: 1963 EL Heemskerk<\/span>\n\t\t\t\t\t\t\t\t\t<\/li>\n\t\t\t\t\t\t\t\t<li class=\"elementor-icon-list-item translation-block\"><span class=\"elementor-icon-list-icon\">\r\n\t\t\t\t\t\t\t<i aria-hidden=\"true\" class=\"fas fa-circle\"><\/i>\t\t\t\t\t\t<\/span>\r\n\t\t\t\t\t\t\t\t\t\t<span class=\"elementor-icon-list-text\">E-mail: <a href=\"mailto:info@ukkieboo.com\" target=\"_self\">info@ukkieboo.com<\/a><\/span><\/li>\n\t\t\t\t\t\t<\/ul>\n\t\t\t\t\t\t<\/div>\n\t\t\t\t<\/div>\n\t\t\t\t<\/div>\n\t\t\t\t\t<\/div>\n\t\t\t\t<\/div>\n\t\t\t\t<\/div>","protected":false},"excerpt":{"rendered":"<p>Retourvoorwaarden Toch niet tevreden met het product? Binnen 14 dagen na ontvangst heb je de mogelijkheid om het product terug te sturen. Volg daarvoor de [&hellip;]<\/p>\n","protected":false},"author":3,"featured_media":0,"parent":0,"menu_order":0,"comment_status":"closed","ping_status":"closed","template":"","meta":{"site-sidebar-layout":"no-sidebar","site-content-layout":"page-builder","ast-site-content-layout":"full-width-container","site-content-style":"default","site-sidebar-style":"default","ast-global-header-display":"","ast-banner-title-visibility":"","ast-main-header-display":"","ast-hfb-above-header-display":"","ast-hfb-below-header-display":"","ast-hfb-mobile-header-display":"","site-post-title":"disabled","ast-breadcrumbs-content":"","ast-featured-img":"disabled","footer-sml-layout":"","ast-disable-related-posts":"","theme-transparent-header-meta":"disabled","adv-header-id-meta":"","stick-header-meta":"default","header-above-stick-meta":"","header-main-stick-meta":"","header-below-stick-meta":"","astra-migrate-meta-layouts":"set","ast-page-background-enabled":"default","ast-page-background-meta":{"desktop":{"background-color":"var(--ast-global-color-4)","background-image":"","background-repeat":"repeat","background-position":"center center","background-size":"auto","background-attachment":"scroll","background-type":"","background-media":"","overlay-type":"","overlay-color":"","overlay-opacity":"","overlay-gradient":""},"tablet":{"background-color":"","background-image":"","background-repeat":"repeat","background-position":"center center","background-size":"auto","background-attachment":"scroll","background-type":"","background-media":"","overlay-type":"","overlay-color":"","overlay-opacity":"","overlay-gradient":""},"mobile":{"background-color":"","background-image":"","background-repeat":"repeat","background-position":"center center","background-size":"auto","background-attachment":"scroll","background-type":"","background-media":"","overlay-type":"","overlay-color":"","overlay-opacity":"","overlay-gradient":""}},"ast-content-background-meta":{"desktop":{"background-color":"var(--ast-global-color-5)","background-image":"","background-repeat":"repeat","background-position":"center center","background-size":"auto","background-attachment":"scroll","background-type":"","background-media":"","overlay-type":"","overlay-color":"","overlay-opacity":"","overlay-gradient":""},"tablet":{"background-color":"var(--ast-global-color-5)","background-image":"","background-repeat":"repeat","background-position":"center center","background-size":"auto","background-attachment":"scroll","background-type":"","background-media":"","overlay-type":"","overlay-color":"","overlay-opacity":"","overlay-gradient":""},"mobile":{"background-color":"var(--ast-global-color-5)","background-image":"","background-repeat":"repeat","background-position":"center center","background-size":"auto","background-attachment":"scroll","background-type":"","background-media":"","overlay-type":"","overlay-color":"","overlay-opacity":"","overlay-gradient":""}},"footnotes":""},"class_list":["post-7202","page","type-page","status-publish","hentry"],"yoast_head":"<!-- This site is optimized with the Yoast SEO plugin v27.4 - https:\/\/yoast.com\/product\/yoast-seo-wordpress\/ -->\n<title>Retourvoorwaarden - UkkieBoo<\/title>\n<meta name=\"description\" content=\"Retourvoorwaarden UkkieBoo \u2713 Binnen 14 dagen retourneren \u2713 Zonder opgave van reden \u2713 Eenvoudig geregeld \u2713 Wij verwerken jouw retour snel.\" \/>\n<meta name=\"robots\" content=\"index, follow, max-snippet:-1, max-image-preview:large, max-video-preview:-1\" \/>\n<link rel=\"canonical\" href=\"https:\/\/ukkieboo.com\/de\/widerruf\/\" \/>\n<meta property=\"og:locale\" content=\"de_DE\" \/>\n<meta property=\"og:type\" content=\"article\" \/>\n<meta property=\"og:title\" content=\"Retourvoorwaarden - UkkieBoo\" \/>\n<meta property=\"og:description\" content=\"Retourvoorwaarden UkkieBoo \u2713 Binnen 14 dagen retourneren \u2713 Zonder opgave van reden \u2713 Eenvoudig geregeld \u2713 Wij verwerken jouw retour snel.\" \/>\n<meta property=\"og:url\" content=\"https:\/\/ukkieboo.com\/de\/widerruf\/\" \/>\n<meta property=\"og:site_name\" content=\"UkkieBoo\" \/>\n<meta property=\"article:modified_time\" content=\"2026-03-12T11:38:29+00:00\" \/>\n<meta name=\"twitter:card\" content=\"summary_large_image\" \/>\n<meta name=\"twitter:label1\" content=\"Gesch\u00e4tzte Lesezeit\" \/>\n\t<meta name=\"twitter:data1\" content=\"2\u00a0Minuten\" \/>\n<script type=\"application\/ld+json\" class=\"yoast-schema-graph\">{\"@context\":\"https:\\\/\\\/schema.org\",\"@graph\":[{\"@type\":\"WebPage\",\"@id\":\"https:\\\/\\\/ukkieboo.com\\\/retourvoorwaarden\\\/\",\"url\":\"https:\\\/\\\/ukkieboo.com\\\/retourvoorwaarden\\\/\",\"name\":\"Retourvoorwaarden - UkkieBoo\",\"isPartOf\":{\"@id\":\"https:\\\/\\\/ukkieboo.com\\\/#website\"},\"datePublished\":\"2024-08-28T06:38:38+00:00\",\"dateModified\":\"2026-03-12T11:38:29+00:00\",\"description\":\"Retourvoorwaarden UkkieBoo \u2713 Binnen 14 dagen retourneren \u2713 Zonder opgave van reden \u2713 Eenvoudig geregeld \u2713 Wij verwerken jouw retour snel.\",\"breadcrumb\":{\"@id\":\"https:\\\/\\\/ukkieboo.com\\\/retourvoorwaarden\\\/#breadcrumb\"},\"inLanguage\":\"de\",\"potentialAction\":[{\"@type\":\"ReadAction\",\"target\":[\"https:\\\/\\\/ukkieboo.com\\\/retourvoorwaarden\\\/\"]}]},{\"@type\":\"BreadcrumbList\",\"@id\":\"https:\\\/\\\/ukkieboo.com\\\/retourvoorwaarden\\\/#breadcrumb\",\"itemListElement\":[{\"@type\":\"ListItem\",\"position\":1,\"name\":\"Home\",\"item\":\"https:\\\/\\\/ukkieboo.com\\\/\"},{\"@type\":\"ListItem\",\"position\":2,\"name\":\"Retourvoorwaarden\"}]},{\"@type\":\"WebSite\",\"@id\":\"https:\\\/\\\/ukkieboo.com\\\/#website\",\"url\":\"https:\\\/\\\/ukkieboo.com\\\/\",\"name\":\"UkkieBoo\",\"description\":\"De veilige Keuze voor jouw kleintje!\",\"publisher\":{\"@id\":\"https:\\\/\\\/ukkieboo.com\\\/#organization\"},\"potentialAction\":[{\"@type\":\"SearchAction\",\"target\":{\"@type\":\"EntryPoint\",\"urlTemplate\":\"https:\\\/\\\/ukkieboo.com\\\/?s={search_term_string}\"},\"query-input\":{\"@type\":\"PropertyValueSpecification\",\"valueRequired\":true,\"valueName\":\"search_term_string\"}}],\"inLanguage\":\"de\"},{\"@type\":\"Organization\",\"@id\":\"https:\\\/\\\/ukkieboo.com\\\/#organization\",\"name\":\"UkkieBoo\",\"url\":\"https:\\\/\\\/ukkieboo.com\\\/\",\"logo\":{\"@type\":\"ImageObject\",\"inLanguage\":\"de\",\"@id\":\"https:\\\/\\\/ukkieboo.com\\\/#\\\/schema\\\/logo\\\/image\\\/\",\"url\":\"https:\\\/\\\/ukkieboo.com\\\/wp-content\\\/uploads\\\/2024\\\/08\\\/Logo-UkkieBoo.svg\",\"contentUrl\":\"https:\\\/\\\/ukkieboo.com\\\/wp-content\\\/uploads\\\/2024\\\/08\\\/Logo-UkkieBoo.svg\",\"width\":255,\"height\":160,\"caption\":\"UkkieBoo\"},\"image\":{\"@id\":\"https:\\\/\\\/ukkieboo.com\\\/#\\\/schema\\\/logo\\\/image\\\/\"}}]}<\/script>\n<!-- \/ Yoast SEO plugin. -->","yoast_head_json":{"title":"Retourvoorwaarden - UkkieBoo","description":"Retourvoorwaarden UkkieBoo \u2713 Binnen 14 dagen retourneren \u2713 Zonder opgave van reden \u2713 Eenvoudig geregeld \u2713 Wij verwerken jouw retour snel.","robots":{"index":"index","follow":"follow","max-snippet":"max-snippet:-1","max-image-preview":"max-image-preview:large","max-video-preview":"max-video-preview:-1"},"canonical":"https:\/\/ukkieboo.com\/de\/widerruf\/","og_locale":"de_DE","og_type":"article","og_title":"Retourvoorwaarden - UkkieBoo","og_description":"Retourvoorwaarden UkkieBoo \u2713 Binnen 14 dagen retourneren \u2713 Zonder opgave van reden \u2713 Eenvoudig geregeld \u2713 Wij verwerken jouw retour snel.","og_url":"https:\/\/ukkieboo.com\/de\/widerruf\/","og_site_name":"UkkieBoo","article_modified_time":"2026-03-12T11:38:29+00:00","twitter_card":"summary_large_image","twitter_misc":{"Gesch\u00e4tzte Lesezeit":"2\u00a0Minuten"},"schema":{"@context":"https:\/\/schema.org","@graph":[{"@type":"WebPage","@id":"https:\/\/ukkieboo.com\/retourvoorwaarden\/","url":"https:\/\/ukkieboo.com\/retourvoorwaarden\/","name":"Retourvoorwaarden - UkkieBoo","isPartOf":{"@id":"https:\/\/ukkieboo.com\/#website"},"datePublished":"2024-08-28T06:38:38+00:00","dateModified":"2026-03-12T11:38:29+00:00","description":"Retourvoorwaarden UkkieBoo \u2713 Binnen 14 dagen retourneren \u2713 Zonder opgave van reden \u2713 Eenvoudig geregeld \u2713 Wij verwerken jouw retour snel.","breadcrumb":{"@id":"https:\/\/ukkieboo.com\/retourvoorwaarden\/#breadcrumb"},"inLanguage":"de","potentialAction":[{"@type":"ReadAction","target":["https:\/\/ukkieboo.com\/retourvoorwaarden\/"]}]},{"@type":"BreadcrumbList","@id":"https:\/\/ukkieboo.com\/retourvoorwaarden\/#breadcrumb","itemListElement":[{"@type":"ListItem","position":1,"name":"Home","item":"https:\/\/ukkieboo.com\/"},{"@type":"ListItem","position":2,"name":"Retourvoorwaarden"}]},{"@type":"WebSite","@id":"https:\/\/ukkieboo.com\/#website","url":"https:\/\/ukkieboo.com\/","name":"UkkieBoo","description":"De veilige Keuze voor jouw kleintje!","publisher":{"@id":"https:\/\/ukkieboo.com\/#organization"},"potentialAction":[{"@type":"SearchAction","target":{"@type":"EntryPoint","urlTemplate":"https:\/\/ukkieboo.com\/?s={search_term_string}"},"query-input":{"@type":"PropertyValueSpecification","valueRequired":true,"valueName":"search_term_string"}}],"inLanguage":"de"},{"@type":"Organization","@id":"https:\/\/ukkieboo.com\/#organization","name":"UkkieBoo","url":"https:\/\/ukkieboo.com\/","logo":{"@type":"ImageObject","inLanguage":"de","@id":"https:\/\/ukkieboo.com\/#\/schema\/logo\/image\/","url":"https:\/\/ukkieboo.com\/wp-content\/uploads\/2024\/08\/Logo-UkkieBoo.svg","contentUrl":"https:\/\/ukkieboo.com\/wp-content\/uploads\/2024\/08\/Logo-UkkieBoo.svg","width":255,"height":160,"caption":"UkkieBoo"},"image":{"@id":"https:\/\/ukkieboo.com\/#\/schema\/logo\/image\/"}}]}},"_links":{"self":[{"href":"https:\/\/ukkieboo.com\/de\/wp-json\/wp\/v2\/pages\/7202","targetHints":{"allow":["GET"]}}],"collection":[{"href":"https:\/\/ukkieboo.com\/de\/wp-json\/wp\/v2\/pages"}],"about":[{"href":"https:\/\/ukkieboo.com\/de\/wp-json\/wp\/v2\/types\/page"}],"author":[{"embeddable":true,"href":"https:\/\/ukkieboo.com\/de\/wp-json\/wp\/v2\/users\/3"}],"replies":[{"embeddable":true,"href":"https:\/\/ukkieboo.com\/de\/wp-json\/wp\/v2\/comments?post=7202"}],"version-history":[{"count":12,"href":"https:\/\/ukkieboo.com\/de\/wp-json\/wp\/v2\/pages\/7202\/revisions"}],"predecessor-version":[{"id":7739,"href":"https:\/\/ukkieboo.com\/de\/wp-json\/wp\/v2\/pages\/7202\/revisions\/7739"}],"wp:attachment":[{"href":"https:\/\/ukkieboo.com\/de\/wp-json\/wp\/v2\/media?parent=7202"}],"curies":[{"name":"wp","href":"https:\/\/api.w.org\/{rel}","templated":true}]}}